{"id":14,"date":"2015-03-23T21:21:31","date_gmt":"2015-03-23T20:21:31","guid":{"rendered":"https:\/\/www.catering-brombachsee.de\/?page_id=14"},"modified":"2015-03-23T21:24:23","modified_gmt":"2015-03-23T20:24:23","slug":"kontakt","status":"publish","type":"page","link":"https:\/\/www.catering-brombachsee.de\/?page_id=14","title":{"rendered":"Kontakt"},"content":{"rendered":"<p>&nbsp;<\/p>\n<p><strong>Besuchen Sie uns im sch\u00f6nen Fr\u00e4nkischen Seenland&#8230;<\/strong><\/p>\n<p>&nbsp;<\/p>\n<p>sie finden uns unter folgender Adresse:<\/p>\n<p>&nbsp;<\/p>\n<p>Landgasthof Sch\u00e4ferhof<\/p>\n<p>Freiherr-von-Harsdorf-Str. 18<\/p>\n<p>91174 Enderndorf<\/p>\n<p>&nbsp;<\/p>\n<p>Reservierungen per Telefon unter 09175 78778 und per Email unter <a href=\"mailto:info@landgasthof-schaeferhof.de\">info@landgasthof-schaeferhof.de<\/a><\/p>\n<p>&nbsp;<\/p>\n","protected":false},"excerpt":{"rendered":"<p>&nbsp; Besuchen Sie uns im sch\u00f6nen Fr\u00e4nkischen Seenland&#8230; &nbsp; sie finden uns unter folgender Adresse: &nbsp; Landgasthof Sch\u00e4ferhof Freiherr-von-Harsdorf-Str. 18 91174 Enderndorf &nbsp; Reservierungen per Telefon unter 09175 78778 und per Email unter info@landgasthof-schaeferhof.de &nbsp;<\/p>\n","protected":false},"author":1,"featured_media":0,"parent":0,"menu_order":0,"comment_status":"open","ping_status":"open","template":"page-contact.php","meta":{"kt_blocks_editor_width":"","footnotes":""},"class_list":["post-14","page","type-page","status-publish","hentry"],"aioseo_notices":[],"_links":{"self":[{"href":"https:\/\/www.catering-brombachsee.de\/index.php?rest_route=\/wp\/v2\/pages\/14","targetHints":{"allow":["GET"]}}],"collection":[{"href":"https:\/\/www.catering-brombachsee.de\/index.php?rest_route=\/wp\/v2\/pages"}],"about":[{"href":"https:\/\/www.catering-brombachsee.de\/index.php?rest_route=\/wp\/v2\/types\/page"}],"author":[{"embeddable":true,"href":"https:\/\/www.catering-brombachsee.de\/index.php?rest_route=\/wp\/v2\/users\/1"}],"replies":[{"embeddable":true,"href":"https:\/\/www.catering-brombachsee.de\/index.php?rest_route=%2Fwp%2Fv2%2Fcomments&post=14"}],"version-history":[{"count":3,"href":"https:\/\/www.catering-brombachsee.de\/index.php?rest_route=\/wp\/v2\/pages\/14\/revisions"}],"predecessor-version":[{"id":136,"href":"https:\/\/www.catering-brombachsee.de\/index.php?rest_route=\/wp\/v2\/pages\/14\/revisions\/136"}],"wp:attachment":[{"href":"https:\/\/www.catering-brombachsee.de\/index.php?rest_route=%2Fwp%2Fv2%2Fmedia&parent=14"}],"curies":[{"name":"wp","href":"https:\/\/api.w.org\/{rel}","templated":true}]}}